{"id":896,"date":"2019-01-25T16:19:54","date_gmt":"2019-01-25T20:19:54","guid":{"rendered":"https:\/\/env-godinguitarscom-prod.kinsta.cloud\/product\/xtsa-lightburst-flame\/"},"modified":"2026-04-20T11:01:30","modified_gmt":"2026-04-20T15:01:30","slug":"xtsa-lightburst-flame","status":"publish","type":"product","link":"https:\/\/env-godinguitarscom-prod.kinsta.cloud\/fr\/produit\/xtsa-lightburst-flame\/","title":{"rendered":"xtSA D\u00e9grad\u00e9 Lumineux"},"content":{"rendered":"<p>Elle fait tout et elle ma\u00eetrise tout. L\u2019incroyable puissance sonore de la xtSA est due \u00e0 ses trois voix distinctes : guitare \u00e9lectrique, acoustique et synth\u00e9. La xtSA offre des sonorit\u00e9s \u00e9lectriques intenses avec sa configuration de micros Godin humbucker-simple-humbucker et par l&#8217;entremise d&#8217;un s\u00e9lecteur \u00e0 cinq positions qui va des tonalit\u00e9s muscl\u00e9es humbucker aux sonorit\u00e9s plus claires dans les seconde et quatri\u00e8me positions. \u00c9teignez la sortie \u00e9lectrique et montez le volume des capteurs LR Baggs pour transformer la xtSA en guitare \u00ab acoustique \u00bb avec une sonorit\u00e9 incroyablement authentique. La voix acoustique de la xtSA est rehauss\u00e9e par un pr\u00e9amplificateur int\u00e9gr\u00e9 et un correcteur graphique \u00e0 trois bandes. La configuration des deux sorties fait en sorte que les voix \u00e9lectrique et acoustique peuvent \u00eatre mix\u00e9es \u00e0 m\u00eame la guitare dans l\u2019amplificateur ou dans la table de mixage en utilisant les deux sorties. De plus, la xtSA poss\u00e8de un capteur synth\u00e9 qui, tout simplement, est le meilleur de l\u2019industrie. Comme sur tous les instruments midi de Godin, un connecteur synth\u00e9 int\u00e9gr\u00e9 \u00e0 13 broches donne un acc\u00e8s direct \u00e0 tous les synth\u00e9s de la s\u00e9rie GR de Roland et \u00e0 la plupart des \u00e0 appareils \u00e0 13 broches. Cette puissance sonore serait beaucoup moins int\u00e9ressante si cette guitare n\u2019\u00e9tait pas confortable. Mais avec un diapason de 64.7 cm et un manche en acajou (comme celui utilis\u00e9 sur la LGX-SA de Godin), la xtSA est r\u00e9solument confortable. La touche en Richlite a \u00e9t\u00e9 con\u00e7ue selon la technique ergocut de Godin et est \u00e9quip\u00e9e de frettes jumbo. La caisse est faite d\u2019\u00e9rable argent\u00e9 avec des \u00e9clisses de peuplier et une table d\u00e9cor\u00e9e d\u2019un placage d\u2019\u00e9rable ou une table figur\u00e9 en bois de Koa sur le mod\u00e8le Koa naturel.<\/p>","protected":false},"excerpt":{"rendered":"<p>A jack-of-all-trades and master of all of them, the xtSA\u2019s incredible sound power begins with three distinct voices: electric guitar, acoustic guitar, and synth. The xtSA delivers big-time electric sounds via the Godin humbucker-single-humbucker pickup configuration and thanks to a special 5-way switch setup, extra meaty humbucker tones co-exist with glassy split-coil sounds in the [&hellip;]<\/p>\n","protected":false},"featured_media":7334,"comment_status":"open","ping_status":"open","template":"","meta":{"_acf_changed":false},"product_brand":[1460],"product_cat":[679,681,680],"product_tag":[],"class_list":{"0":"post-896","1":"product","2":"type-product","3":"status-publish","4":"has-post-thumbnail","6":"product_brand-godin","7":"product_cat-electrics","8":"product_cat-solid-body-electrics","9":"product_cat-multi-voice","10":"pa_fingerboard-richlite","11":"pa_fingerboard-radius-16-406-4-mm","12":"pa_finish-high-gloss","13":"pa_frets-1701","14":"pa_neck-mahogany","15":"pa_nut-width-1-72-43-688-mm","16":"pa_orientation-right","17":"pa_scale-length-25-5-647-7-mm","18":"pa_top-figured-maple","20":"first","21":"instock","22":"sale","23":"taxable","24":"shipping-taxable","25":"purchasable","26":"product-type-simple"},"acf":[],"_links":{"self":[{"href":"https:\/\/env-godinguitarscom-prod.kinsta.cloud\/fr\/wp-json\/wp\/v2\/product\/896","targetHints":{"allow":["GET"]}}],"collection":[{"href":"https:\/\/env-godinguitarscom-prod.kinsta.cloud\/fr\/wp-json\/wp\/v2\/product"}],"about":[{"href":"https:\/\/env-godinguitarscom-prod.kinsta.cloud\/fr\/wp-json\/wp\/v2\/types\/product"}],"replies":[{"embeddable":true,"href":"https:\/\/env-godinguitarscom-prod.kinsta.cloud\/fr\/wp-json\/wp\/v2\/comments?post=896"}],"wp:featuredmedia":[{"embeddable":true,"href":"https:\/\/env-godinguitarscom-prod.kinsta.cloud\/fr\/wp-json\/wp\/v2\/media\/7334"}],"wp:attachment":[{"href":"https:\/\/env-godinguitarscom-prod.kinsta.cloud\/fr\/wp-json\/wp\/v2\/media?parent=896"}],"wp:term":[{"taxonomy":"product_brand","embeddable":true,"href":"https:\/\/env-godinguitarscom-prod.kinsta.cloud\/fr\/wp-json\/wp\/v2\/product_brand?post=896"},{"taxonomy":"product_cat","embeddable":true,"href":"https:\/\/env-godinguitarscom-prod.kinsta.cloud\/fr\/wp-json\/wp\/v2\/product_cat?post=896"},{"taxonomy":"product_tag","embeddable":true,"href":"https:\/\/env-godinguitarscom-prod.kinsta.cloud\/fr\/wp-json\/wp\/v2\/product_tag?post=896"}],"curies":[{"name":"wp","href":"https:\/\/api.w.org\/{rel}","templated":true}]}}