{"id":851,"date":"2019-01-25T16:18:28","date_gmt":"2019-01-25T20:18:28","guid":{"rendered":"https:\/\/env-godinguitarscom-prod.kinsta.cloud\/product\/tremolo-threaded\/"},"modified":"2026-04-20T11:02:53","modified_gmt":"2026-04-20T15:02:53","slug":"tremolo-threaded","status":"publish","type":"product","link":"https:\/\/env-godinguitarscom-prod.kinsta.cloud\/fr\/produit\/tremolo-threaded\/","title":{"rendered":"Tige de tr\u00e9molo viss\u00e9e (pas compatible avec Tru-Loc)"},"content":{"rendered":"<p>Tige de tr\u00e9molo viss\u00e9e pour Godin Freeway Classique, LGXT, SD, SDxt, Solidac, xtSA. Pas compatible avec chevalet Tru-Loc ni chevalets pour tige de tr\u00e9molo non viss\u00e9e.<\/p>","protected":false},"excerpt":{"rendered":"<p>Tige de tr\u00e9molo viss\u00e9e pour Godin Freeway Classique, LGXT, SD, SDxt, Solidac, xtSA. Pas compatible avec chevalet Tru-Loc ni chevalets pour tige de tr\u00e9molo non viss\u00e9e.<\/p>","protected":false},"featured_media":852,"comment_status":"open","ping_status":"open","template":"","meta":{"_acf_changed":false},"product_brand":[1460],"product_cat":[636,647],"product_tag":[],"class_list":{"0":"post-851","1":"product","2":"type-product","3":"status-publish","4":"has-post-thumbnail","6":"product_brand-godin","7":"product_cat-parts","8":"product_cat-tremolo-arms-kits","10":"first","11":"instock","12":"taxable","13":"shipping-taxable","14":"purchasable","15":"product-type-simple"},"acf":[],"_links":{"self":[{"href":"https:\/\/env-godinguitarscom-prod.kinsta.cloud\/fr\/wp-json\/wp\/v2\/product\/851","targetHints":{"allow":["GET"]}}],"collection":[{"href":"https:\/\/env-godinguitarscom-prod.kinsta.cloud\/fr\/wp-json\/wp\/v2\/product"}],"about":[{"href":"https:\/\/env-godinguitarscom-prod.kinsta.cloud\/fr\/wp-json\/wp\/v2\/types\/product"}],"replies":[{"embeddable":true,"href":"https:\/\/env-godinguitarscom-prod.kinsta.cloud\/fr\/wp-json\/wp\/v2\/comments?post=851"}],"wp:featuredmedia":[{"embeddable":true,"href":"https:\/\/env-godinguitarscom-prod.kinsta.cloud\/fr\/wp-json\/wp\/v2\/media\/852"}],"wp:attachment":[{"href":"https:\/\/env-godinguitarscom-prod.kinsta.cloud\/fr\/wp-json\/wp\/v2\/media?parent=851"}],"wp:term":[{"taxonomy":"product_brand","embeddable":true,"href":"https:\/\/env-godinguitarscom-prod.kinsta.cloud\/fr\/wp-json\/wp\/v2\/product_brand?post=851"},{"taxonomy":"product_cat","embeddable":true,"href":"https:\/\/env-godinguitarscom-prod.kinsta.cloud\/fr\/wp-json\/wp\/v2\/product_cat?post=851"},{"taxonomy":"product_tag","embeddable":true,"href":"https:\/\/env-godinguitarscom-prod.kinsta.cloud\/fr\/wp-json\/wp\/v2\/product_tag?post=851"}],"curies":[{"name":"wp","href":"https:\/\/api.w.org\/{rel}","templated":true}]}}