{"id":799,"date":"2019-01-25T16:16:17","date_gmt":"2019-01-25T20:16:17","guid":{"rendered":"https:\/\/env-godinguitarscom-prod.kinsta.cloud\/product\/e-9-electric-hd-strings\/"},"modified":"2026-04-20T11:01:27","modified_gmt":"2026-04-20T15:01:27","slug":"e-9-electric-hd-strings","status":"publish","type":"product","link":"https:\/\/env-godinguitarscom-prod.kinsta.cloud\/fr\/produit\/e-9-electric-hd-strings\/","title":{"rendered":"Jeu de cordes guitare \u00e9lectrique Godin E9 Hautes Super nickel - Basses R\u00e9guli\u00e8res"},"content":{"rendered":"<p>Godin E-9 electric guitar strings.Nickel Super Tops &#8211; Regular bottoms: (.009, .011, .016, .026, .036, .046)<\/p>","protected":false},"excerpt":{"rendered":"<p>Godin E-9 electric guitar strings.Nickel Super Tops &#8211; Regular bottoms: (.009, .011, .016, .026, .036, .046)<\/p>","protected":false},"featured_media":800,"comment_status":"open","ping_status":"open","template":"","meta":{"_acf_changed":false},"product_brand":[1460],"product_cat":[525,629],"product_tag":[],"class_list":{"0":"post-799","1":"product","2":"type-product","3":"status-publish","4":"has-post-thumbnail","6":"product_brand-godin","7":"product_cat-accessories","8":"product_cat-strings","10":"first","11":"instock","12":"sale","13":"taxable","14":"shipping-taxable","15":"purchasable","16":"product-type-simple"},"acf":[],"_links":{"self":[{"href":"https:\/\/env-godinguitarscom-prod.kinsta.cloud\/fr\/wp-json\/wp\/v2\/product\/799","targetHints":{"allow":["GET"]}}],"collection":[{"href":"https:\/\/env-godinguitarscom-prod.kinsta.cloud\/fr\/wp-json\/wp\/v2\/product"}],"about":[{"href":"https:\/\/env-godinguitarscom-prod.kinsta.cloud\/fr\/wp-json\/wp\/v2\/types\/product"}],"replies":[{"embeddable":true,"href":"https:\/\/env-godinguitarscom-prod.kinsta.cloud\/fr\/wp-json\/wp\/v2\/comments?post=799"}],"wp:featuredmedia":[{"embeddable":true,"href":"https:\/\/env-godinguitarscom-prod.kinsta.cloud\/fr\/wp-json\/wp\/v2\/media\/800"}],"wp:attachment":[{"href":"https:\/\/env-godinguitarscom-prod.kinsta.cloud\/fr\/wp-json\/wp\/v2\/media?parent=799"}],"wp:term":[{"taxonomy":"product_brand","embeddable":true,"href":"https:\/\/env-godinguitarscom-prod.kinsta.cloud\/fr\/wp-json\/wp\/v2\/product_brand?post=799"},{"taxonomy":"product_cat","embeddable":true,"href":"https:\/\/env-godinguitarscom-prod.kinsta.cloud\/fr\/wp-json\/wp\/v2\/product_cat?post=799"},{"taxonomy":"product_tag","embeddable":true,"href":"https:\/\/env-godinguitarscom-prod.kinsta.cloud\/fr\/wp-json\/wp\/v2\/product_tag?post=799"}],"curies":[{"name":"wp","href":"https:\/\/api.w.org\/{rel}","templated":true}]}}