{"id":6673,"date":"2025-12-12T00:36:23","date_gmt":"2025-12-12T04:36:23","guid":{"rendered":"https:\/\/env-godinguitarscom-prod.kinsta.cloud\/product\/m6-ltd-ruby-red-ch-eq\/"},"modified":"2026-04-20T11:02:33","modified_gmt":"2026-04-20T15:02:33","slug":"m6-ltd-ruby-red-ch-eq","status":"publish","type":"product","link":"https:\/\/env-godinguitarscom-prod.kinsta.cloud\/fr\/produit\/m6-ltd-ruby-red-ch-eq\/","title":{"rendered":"M6 Lt\u00e9e Rubis Rouge CH EQ"},"content":{"rendered":"<p>Notre M6 ruby Red LTD ne laissera personne indiff\u00e9rent. Enti\u00e8rement fabriqu\u00e9e au Canada, elle allie qualit\u00e9 sonore, qualit\u00e9 de fabrication et esth\u00e9tisme raffin\u00e9. La Seagull M6 Ruby Red LTD est dot\u00e9e d'un dos et d'\u00e9clisses en acajou massif ainsi que d\u2019une table en c\u00e8dre massif. Cette combinaison permet une acoustique naturelle tr\u00e8s \u00e9quilibr\u00e9e avec des basses chaudes, des m\u00e9diums riches et des aigus articul\u00e9s. Le format de caisse Seagull Concert Hall, l\u00e9g\u00e8rement moins profond que le standard, donne une excellente projection, tr\u00e8s dynamique, tout en ayant l'avantage suppl\u00e9mentaire d'\u00eatre extr\u00eamement confortable \u00e0 jouer. Le coloris profond Rouge Rubis satin\u00e9, inspir\u00e9 de la pierre pr\u00e9cieuse c\u00e9l\u00e9brant le 40e anniversaire, associ\u00e9 \u00e0 une table haute brillance \u00e9voquent une esth\u00e9tique classe et \u00e9l\u00e9gante. La guitare Seagull M6 dispose \u00e9galement d'un micro Presys VT vous permettant de brancher et d'amplifier votre son, en studio ou sur sc\u00e8ne. La Seagull M6 LTD Ruby Red, une guitare de chez nous, pour vous !<\/p>","protected":false},"excerpt":{"rendered":"<p>Our M6 ruby Red LTD aims to please. Entirely made in Canada, using only the finest tone woods and built by our most experienced luthiers, this instrument needs to be played and heard to be appreciated. The M6 Ruby Red LTD features all solid mahogany back and sides with a solid cedar top. This combination [&hellip;]<\/p>\n","protected":false},"featured_media":7233,"comment_status":"open","ping_status":"open","template":"","meta":{"_acf_changed":false},"product_brand":[1513],"product_cat":[1599,1007],"product_tag":[],"class_list":{"0":"post-6673","1":"product","2":"type-product","3":"status-publish","4":"has-post-thumbnail","6":"product_brand-seagull","7":"product_cat-maritime-sws","8":"product_cat-steel","9":"pa_back-and-sides-solid-sapele-mahogany","10":"pa_color-type-red","11":"pa_fingerboard-rosewood","12":"pa_fingerboard-radius-16-406-4-mm","13":"pa_finish-gloss-top","14":"pa_frets-1717","15":"pa_neck-silver-leaf-maple","16":"pa_numbers-of-strings-1719","17":"pa_nut-width-1-8-45-72-mm","18":"pa_orientation-right","19":"pa_scale-length-25-5-647-7-mm","20":"pa_string-type-acoustic-steel","21":"pa_top-solid-cedar-top","23":"first","24":"instock","25":"sale","26":"taxable","27":"shipping-taxable","28":"purchasable","29":"product-type-simple"},"acf":[],"_links":{"self":[{"href":"https:\/\/env-godinguitarscom-prod.kinsta.cloud\/fr\/wp-json\/wp\/v2\/product\/6673","targetHints":{"allow":["GET"]}}],"collection":[{"href":"https:\/\/env-godinguitarscom-prod.kinsta.cloud\/fr\/wp-json\/wp\/v2\/product"}],"about":[{"href":"https:\/\/env-godinguitarscom-prod.kinsta.cloud\/fr\/wp-json\/wp\/v2\/types\/product"}],"replies":[{"embeddable":true,"href":"https:\/\/env-godinguitarscom-prod.kinsta.cloud\/fr\/wp-json\/wp\/v2\/comments?post=6673"}],"wp:featuredmedia":[{"embeddable":true,"href":"https:\/\/env-godinguitarscom-prod.kinsta.cloud\/fr\/wp-json\/wp\/v2\/media\/7233"}],"wp:attachment":[{"href":"https:\/\/env-godinguitarscom-prod.kinsta.cloud\/fr\/wp-json\/wp\/v2\/media?parent=6673"}],"wp:term":[{"taxonomy":"product_brand","embeddable":true,"href":"https:\/\/env-godinguitarscom-prod.kinsta.cloud\/fr\/wp-json\/wp\/v2\/product_brand?post=6673"},{"taxonomy":"product_cat","embeddable":true,"href":"https:\/\/env-godinguitarscom-prod.kinsta.cloud\/fr\/wp-json\/wp\/v2\/product_cat?post=6673"},{"taxonomy":"product_tag","embeddable":true,"href":"https:\/\/env-godinguitarscom-prod.kinsta.cloud\/fr\/wp-json\/wp\/v2\/product_tag?post=6673"}],"curies":[{"name":"wp","href":"https:\/\/api.w.org\/{rel}","templated":true}]}}