{"id":6543,"date":"2025-12-12T00:33:03","date_gmt":"2025-12-12T04:33:03","guid":{"rendered":"https:\/\/env-godinguitarscom-prod.kinsta.cloud\/product\/seagull-stool-chrome\/"},"modified":"2026-04-20T11:02:14","modified_gmt":"2026-04-20T15:02:14","slug":"seagull-stool-chrome","status":"publish","type":"product","link":"https:\/\/env-godinguitarscom-prod.kinsta.cloud\/fr\/produit\/seagull-stool-chrome\/","title":{"rendered":"Tabouret Seagull Chrome"},"content":{"rendered":"<p>Avez-vous besoin d\u2019un tabouret pour pratiquer, enregistrer en studio ou m\u00eame pour simplement passer du bon temps entre amis? Nous avons ce qu\u2019il vous faut! Le Tabouret Seagull Chrome est le tabouret id\u00e9al pour compl\u00e9menter votre vie de vedette! Con\u00e7u avec des pattes en acier et d\u2019un coussin ultraconfortable, le Tabouret Seagull Chrome est toujours l\u00e0 pour vous! Prenez place!<\/p>","protected":false},"excerpt":{"rendered":"<p>Do you need a cool and comfortable stool to practice at home, cut tracks in the studio or even just to hang out with your friends? Then the Seagull Stool Chrome is the perfect addition to your rock \u2018n\u2019 roll lifestyle! Made with steel legs and a cushy dome padded seat, the GODIN Stool Chrome [&hellip;]<\/p>\n","protected":false},"featured_media":6542,"comment_status":"open","ping_status":"open","template":"","meta":{"_acf_changed":false},"product_brand":[1513],"product_cat":[525,1059],"product_tag":[],"class_list":{"0":"post-6543","1":"product","2":"type-product","3":"status-publish","4":"has-post-thumbnail","6":"product_brand-seagull","7":"product_cat-accessories","8":"product_cat-stools","10":"first","11":"instock","12":"sale","13":"taxable","14":"shipping-taxable","15":"purchasable","16":"product-type-simple"},"acf":[],"_links":{"self":[{"href":"https:\/\/env-godinguitarscom-prod.kinsta.cloud\/fr\/wp-json\/wp\/v2\/product\/6543","targetHints":{"allow":["GET"]}}],"collection":[{"href":"https:\/\/env-godinguitarscom-prod.kinsta.cloud\/fr\/wp-json\/wp\/v2\/product"}],"about":[{"href":"https:\/\/env-godinguitarscom-prod.kinsta.cloud\/fr\/wp-json\/wp\/v2\/types\/product"}],"replies":[{"embeddable":true,"href":"https:\/\/env-godinguitarscom-prod.kinsta.cloud\/fr\/wp-json\/wp\/v2\/comments?post=6543"}],"wp:featuredmedia":[{"embeddable":true,"href":"https:\/\/env-godinguitarscom-prod.kinsta.cloud\/fr\/wp-json\/wp\/v2\/media\/6542"}],"wp:attachment":[{"href":"https:\/\/env-godinguitarscom-prod.kinsta.cloud\/fr\/wp-json\/wp\/v2\/media?parent=6543"}],"wp:term":[{"taxonomy":"product_brand","embeddable":true,"href":"https:\/\/env-godinguitarscom-prod.kinsta.cloud\/fr\/wp-json\/wp\/v2\/product_brand?post=6543"},{"taxonomy":"product_cat","embeddable":true,"href":"https:\/\/env-godinguitarscom-prod.kinsta.cloud\/fr\/wp-json\/wp\/v2\/product_cat?post=6543"},{"taxonomy":"product_tag","embeddable":true,"href":"https:\/\/env-godinguitarscom-prod.kinsta.cloud\/fr\/wp-json\/wp\/v2\/product_tag?post=6543"}],"curies":[{"name":"wp","href":"https:\/\/api.w.org\/{rel}","templated":true}]}}