{"id":6451,"date":"2025-12-12T00:32:25","date_gmt":"2025-12-12T04:32:25","guid":{"rendered":"https:\/\/env-godinguitarscom-prod.kinsta.cloud\/product\/m4-spruce-eq\/"},"modified":"2026-04-20T11:01:56","modified_gmt":"2026-04-20T15:01:56","slug":"m4-spruce-eq","status":"publish","type":"product","link":"https:\/\/env-godinguitarscom-prod.kinsta.cloud\/fr\/produit\/m4-spruce-eq\/","title":{"rendered":"M4 \u00c9pinette EQ"},"content":{"rendered":"<p>Particuli\u00e8rement l\u00e9ger et facile \u00e0 transporter, le M4 de Seagull est un instrument diatonique \u00e0 4 cordes fabriqu\u00e9 au Canada, \u00e0 La Patrie dans la province du Qu\u00e9bec. Cet instrument acoustique qui s\u2019inspire du dulcimer est tellement agr\u00e9able \u00e0 jouer qu\u2019il est difficile de s\u2019arr\u00eater ! Le M4 est sp\u00e9cifiquement con\u00e7u pour faciliter l\u2019initiation \u00e0 la musique chez les gens de tous les \u00e2ges. Il rend ainsi \u00e0 la port\u00e9e de tous, le bonheur de cr\u00e9er et de jouer. Simplicit\u00e9 et plaisir assur\u00e9s !<\/p>","protected":false},"excerpt":{"rendered":"<p>Made in La Patrie Quebec, Canada and inspired by the dulcimer, the Seagull M4 is a very portable &#038; compact 4-string diatonic acoustic instrument that is simply fun to play and very hard to put down! The M4 was designed to introduce &#038; stimulate people of all ages (some of whom may not necessarily be [&hellip;]<\/p>\n","protected":false},"featured_media":7207,"comment_status":"open","ping_status":"open","template":"","meta":{"_acf_changed":false},"product_brand":[1513],"product_cat":[1558],"product_tag":[],"class_list":{"0":"post-6451","1":"product","2":"type-product","3":"status-publish","4":"has-post-thumbnail","6":"product_brand-seagull","7":"product_cat-m4","9":"first","10":"onbackorder","11":"sale","12":"taxable","13":"shipping-taxable","14":"purchasable","15":"product-type-simple"},"acf":[],"_links":{"self":[{"href":"https:\/\/env-godinguitarscom-prod.kinsta.cloud\/fr\/wp-json\/wp\/v2\/product\/6451","targetHints":{"allow":["GET"]}}],"collection":[{"href":"https:\/\/env-godinguitarscom-prod.kinsta.cloud\/fr\/wp-json\/wp\/v2\/product"}],"about":[{"href":"https:\/\/env-godinguitarscom-prod.kinsta.cloud\/fr\/wp-json\/wp\/v2\/types\/product"}],"replies":[{"embeddable":true,"href":"https:\/\/env-godinguitarscom-prod.kinsta.cloud\/fr\/wp-json\/wp\/v2\/comments?post=6451"}],"wp:featuredmedia":[{"embeddable":true,"href":"https:\/\/env-godinguitarscom-prod.kinsta.cloud\/fr\/wp-json\/wp\/v2\/media\/7207"}],"wp:attachment":[{"href":"https:\/\/env-godinguitarscom-prod.kinsta.cloud\/fr\/wp-json\/wp\/v2\/media?parent=6451"}],"wp:term":[{"taxonomy":"product_brand","embeddable":true,"href":"https:\/\/env-godinguitarscom-prod.kinsta.cloud\/fr\/wp-json\/wp\/v2\/product_brand?post=6451"},{"taxonomy":"product_cat","embeddable":true,"href":"https:\/\/env-godinguitarscom-prod.kinsta.cloud\/fr\/wp-json\/wp\/v2\/product_cat?post=6451"},{"taxonomy":"product_tag","embeddable":true,"href":"https:\/\/env-godinguitarscom-prod.kinsta.cloud\/fr\/wp-json\/wp\/v2\/product_tag?post=6451"}],"curies":[{"name":"wp","href":"https:\/\/api.w.org\/{rel}","templated":true}]}}