{"id":6381,"date":"2025-12-12T00:31:23","date_gmt":"2025-12-12T04:31:23","guid":{"rendered":"https:\/\/env-godinguitarscom-prod.kinsta.cloud\/product\/s6-original\/"},"modified":"2026-04-20T11:02:14","modified_gmt":"2026-04-20T15:02:14","slug":"s6-original","status":"publish","type":"product","link":"https:\/\/env-godinguitarscom-prod.kinsta.cloud\/fr\/produit\/s6-original\/","title":{"rendered":"S6 Original"},"content":{"rendered":"<p>R\u00e9cipiendaire de nombreux prix, la s\u00e9rie S6 se renouvelle tout en pr\u00e9servant son style classique et la qualit\u00e9 exceptionnelle de sa lutherie, qui est \u00e0 l'origine de la renomm\u00e9e des guitares Seagull. La S6 Original offre une table d'harmonie en c\u00e8dre test\u00e9e sous pression, un manche en \u00e9rable argent\u00e9, un vernis personnalis\u00e9 avec une finition semi-brillante, de m\u00eame qu'une esth\u00e9tique audacieuse qui caract\u00e9rise son manche, son dos et ses \u00e9clisses. Le choix et l'assemblage des bois de lutherie ainsi que le fini \u00e0 la fois mince et durable de la guitare S6 Original lui procure une superbe projection. Ses moyennes sont pr\u00e9cises et claires, alors que ses basses sont tout aussi d\u00e9finies. La S6 de Seagull poss\u00e8de une sonorit\u00e9 essentielle pour tout guitariste qui se respecte.<\/p>","protected":false},"excerpt":{"rendered":"<p>The award-winning S6 Original Series gets revamped without compromising the classic appeal it is known for. Being known as the flagship of the Seagull line, the S6 Original includes a pressure tested cedar top, a silver leaf maple neck, a custom polished semi-gloss finish, and a bolder look on the neck, back and sides. The [&hellip;]<\/p>\n","protected":false},"featured_media":7209,"comment_status":"open","ping_status":"open","template":"","meta":{"_acf_changed":false},"product_brand":[1513],"product_cat":[1525,1007],"product_tag":[],"class_list":{"0":"post-6381","1":"product","2":"type-product","3":"status-publish","4":"has-post-thumbnail","6":"product_brand-seagull","7":"product_cat-s6","8":"product_cat-steel","10":"first","11":"instock","12":"sale","13":"featured","14":"taxable","15":"shipping-taxable","16":"purchasable","17":"product-type-simple"},"acf":[],"_links":{"self":[{"href":"https:\/\/env-godinguitarscom-prod.kinsta.cloud\/fr\/wp-json\/wp\/v2\/product\/6381","targetHints":{"allow":["GET"]}}],"collection":[{"href":"https:\/\/env-godinguitarscom-prod.kinsta.cloud\/fr\/wp-json\/wp\/v2\/product"}],"about":[{"href":"https:\/\/env-godinguitarscom-prod.kinsta.cloud\/fr\/wp-json\/wp\/v2\/types\/product"}],"replies":[{"embeddable":true,"href":"https:\/\/env-godinguitarscom-prod.kinsta.cloud\/fr\/wp-json\/wp\/v2\/comments?post=6381"}],"wp:featuredmedia":[{"embeddable":true,"href":"https:\/\/env-godinguitarscom-prod.kinsta.cloud\/fr\/wp-json\/wp\/v2\/media\/7209"}],"wp:attachment":[{"href":"https:\/\/env-godinguitarscom-prod.kinsta.cloud\/fr\/wp-json\/wp\/v2\/media?parent=6381"}],"wp:term":[{"taxonomy":"product_brand","embeddable":true,"href":"https:\/\/env-godinguitarscom-prod.kinsta.cloud\/fr\/wp-json\/wp\/v2\/product_brand?post=6381"},{"taxonomy":"product_cat","embeddable":true,"href":"https:\/\/env-godinguitarscom-prod.kinsta.cloud\/fr\/wp-json\/wp\/v2\/product_cat?post=6381"},{"taxonomy":"product_tag","embeddable":true,"href":"https:\/\/env-godinguitarscom-prod.kinsta.cloud\/fr\/wp-json\/wp\/v2\/product_tag?post=6381"}],"curies":[{"name":"wp","href":"https:\/\/api.w.org\/{rel}","templated":true}]}}