{"id":3874,"date":"2021-03-23T18:31:50","date_gmt":"2021-03-23T22:31:50","guid":{"rendered":"https:\/\/env-godinguitarscom-prod.kinsta.cloud\/product\/etude-left\/"},"modified":"2026-04-20T11:02:02","modified_gmt":"2026-04-20T15:02:02","slug":"etude-left","status":"publish","type":"product","link":"https:\/\/env-godinguitarscom-prod.kinsta.cloud\/fr\/produit\/etude-left\/","title":{"rendered":"Etude Gaucher"},"content":{"rendered":"<p>La Godin \u00c9tude Gauche est la plus populaire parmi toutes les guitares fabriqu\u00e9es \u00e0 La Patrie. Ses sp\u00e9cifications sont identiques \u00e0 celles de la Motif, mais elle poss\u00e8de un corps pleine grandeur. Rendue particuli\u00e8rement r\u00e9ceptive par sa finition d\u2019une impressionnante l\u00e9g\u00e8ret\u00e9, cette guitare offre un vaste registre harmonique de m\u00eame que le son riche qui caract\u00e9rise g\u00e9n\u00e9ralement les instruments beaucoup plus co\u00fbteux.<\/p>","protected":false},"excerpt":{"rendered":"<p>The Godin Etude Left is the most popular model in the La Patrie lineup. The Etude&#8217;s specifications match those of the Motif but with a full size body. Incredibly responsive thanks to the feather-light Custom Polished finish, this guitar features great dynamic range along with the harmonically rich sound that you usually find in a [&hellip;]<\/p>\n","protected":false},"featured_media":7253,"comment_status":"open","ping_status":"open","template":"","meta":{"_acf_changed":false},"product_brand":[1460],"product_cat":[1006,1181,716],"product_tag":[],"class_list":{"0":"post-3874","1":"product","2":"type-product","3":"status-publish","4":"has-post-thumbnail","6":"product_brand-godin","7":"product_cat-acoustics","8":"product_cat-nylon","9":"product_cat-lefty","10":"pa_back-and-sides-canadian-wild-cherry","11":"pa_fingerboard-rosewood","12":"pa_fingerboard-radius-24-609-6-mm","13":"pa_finish-semi-gloss","14":"pa_frets-1707","15":"pa_neck-mahogany","16":"pa_nut-width-2-50-8-mm","17":"pa_orientation-left","18":"pa_scale-length-25-66-651-764-mm","19":"pa_top-solid-cedar-top","21":"first","22":"instock","23":"sale","24":"taxable","25":"shipping-taxable","26":"purchasable","27":"product-type-simple"},"acf":[],"_links":{"self":[{"href":"https:\/\/env-godinguitarscom-prod.kinsta.cloud\/fr\/wp-json\/wp\/v2\/product\/3874","targetHints":{"allow":["GET"]}}],"collection":[{"href":"https:\/\/env-godinguitarscom-prod.kinsta.cloud\/fr\/wp-json\/wp\/v2\/product"}],"about":[{"href":"https:\/\/env-godinguitarscom-prod.kinsta.cloud\/fr\/wp-json\/wp\/v2\/types\/product"}],"replies":[{"embeddable":true,"href":"https:\/\/env-godinguitarscom-prod.kinsta.cloud\/fr\/wp-json\/wp\/v2\/comments?post=3874"}],"wp:featuredmedia":[{"embeddable":true,"href":"https:\/\/env-godinguitarscom-prod.kinsta.cloud\/fr\/wp-json\/wp\/v2\/media\/7253"}],"wp:attachment":[{"href":"https:\/\/env-godinguitarscom-prod.kinsta.cloud\/fr\/wp-json\/wp\/v2\/media?parent=3874"}],"wp:term":[{"taxonomy":"product_brand","embeddable":true,"href":"https:\/\/env-godinguitarscom-prod.kinsta.cloud\/fr\/wp-json\/wp\/v2\/product_brand?post=3874"},{"taxonomy":"product_cat","embeddable":true,"href":"https:\/\/env-godinguitarscom-prod.kinsta.cloud\/fr\/wp-json\/wp\/v2\/product_cat?post=3874"},{"taxonomy":"product_tag","embeddable":true,"href":"https:\/\/env-godinguitarscom-prod.kinsta.cloud\/fr\/wp-json\/wp\/v2\/product_tag?post=3874"}],"curies":[{"name":"wp","href":"https:\/\/api.w.org\/{rel}","templated":true}]}}