{"id":3655,"date":"2021-10-05T20:48:40","date_gmt":"2021-10-06T00:48:40","guid":{"rendered":"https:\/\/env-godinguitarscom-prod.kinsta.cloud\/product\/machine-head-locking-cap-x6-kit\/"},"modified":"2026-04-20T11:03:19","modified_gmt":"2026-04-20T15:03:19","slug":"machine-head-locking-cap-x6-kit","status":"publish","type":"product","link":"https:\/\/env-godinguitarscom-prod.kinsta.cloud\/fr\/produit\/machine-head-locking-cap-x6-kit\/","title":{"rendered":"Capuchon de verrouillage (ensemble)"},"content":{"rendered":"<p>Le capuchon de verrouillage des clefs emp\u00eache le mat\u00e9riel d'\u00eatre expos\u00e9 \u00e0 l'air et r\u00e9duit la rouille. Compatible avec les cl\u00e9s Godin xtSA, LGXT, LGX-SA...<\/p>","protected":false},"excerpt":{"rendered":"<p>Le capuchon de verrouillage des clefs emp\u00eache le mat\u00e9riel d'\u00eatre expos\u00e9 \u00e0 l'air et r\u00e9duit la rouille. Compatible avec les cl\u00e9s Godin xtSA, LGXT, LGX-SA...<\/p>","protected":false},"featured_media":2472,"comment_status":"open","ping_status":"open","template":"","meta":{"_acf_changed":false},"product_brand":[1460],"product_cat":[636,658],"product_tag":[],"class_list":{"0":"post-3655","1":"product","2":"type-product","3":"status-publish","4":"has-post-thumbnail","6":"product_brand-godin","7":"product_cat-parts","8":"product_cat-machine-heads","10":"first","11":"onbackorder","12":"sale","13":"taxable","14":"shipping-taxable","15":"purchasable","16":"product-type-simple"},"acf":[],"_links":{"self":[{"href":"https:\/\/env-godinguitarscom-prod.kinsta.cloud\/fr\/wp-json\/wp\/v2\/product\/3655","targetHints":{"allow":["GET"]}}],"collection":[{"href":"https:\/\/env-godinguitarscom-prod.kinsta.cloud\/fr\/wp-json\/wp\/v2\/product"}],"about":[{"href":"https:\/\/env-godinguitarscom-prod.kinsta.cloud\/fr\/wp-json\/wp\/v2\/types\/product"}],"replies":[{"embeddable":true,"href":"https:\/\/env-godinguitarscom-prod.kinsta.cloud\/fr\/wp-json\/wp\/v2\/comments?post=3655"}],"wp:featuredmedia":[{"embeddable":true,"href":"https:\/\/env-godinguitarscom-prod.kinsta.cloud\/fr\/wp-json\/wp\/v2\/media\/2472"}],"wp:attachment":[{"href":"https:\/\/env-godinguitarscom-prod.kinsta.cloud\/fr\/wp-json\/wp\/v2\/media?parent=3655"}],"wp:term":[{"taxonomy":"product_brand","embeddable":true,"href":"https:\/\/env-godinguitarscom-prod.kinsta.cloud\/fr\/wp-json\/wp\/v2\/product_brand?post=3655"},{"taxonomy":"product_cat","embeddable":true,"href":"https:\/\/env-godinguitarscom-prod.kinsta.cloud\/fr\/wp-json\/wp\/v2\/product_cat?post=3655"},{"taxonomy":"product_tag","embeddable":true,"href":"https:\/\/env-godinguitarscom-prod.kinsta.cloud\/fr\/wp-json\/wp\/v2\/product_tag?post=3655"}],"curies":[{"name":"wp","href":"https:\/\/api.w.org\/{rel}","templated":true}]}}