{"id":2764,"date":"2020-07-15T14:52:22","date_gmt":"2020-07-15T18:52:22","guid":{"rendered":"https:\/\/env-godinguitarscom-prod.kinsta.cloud\/product\/presentation\/"},"modified":"2026-04-20T11:02:03","modified_gmt":"2026-04-20T15:02:03","slug":"presentation","status":"publish","type":"product","link":"https:\/\/env-godinguitarscom-prod.kinsta.cloud\/fr\/produit\/presentation\/","title":{"rendered":"Pr\u00e9sentation"},"content":{"rendered":"<p>Le dos et les \u00e9clisses de la Godin Pr\u00e9sentation sont faits de palissandre massif. Le palissandre s\u2019av\u00e8re un bois aux qualit\u00e9s acoustiques exceptionnelles offrant une projection hors paire. Une table en c\u00e8dre massif et un fini semi-lustr\u00e9 viennent compl\u00e9ter le tout.<\/p>","protected":false},"excerpt":{"rendered":"<p>Le dos et les \u00e9clisses de la Godin Pr\u00e9sentation sont faits de palissandre massif. Le palissandre s\u2019av\u00e8re un bois aux qualit\u00e9s acoustiques exceptionnelles offrant une projection hors paire. Une table en c\u00e8dre massif et un fini semi-lustr\u00e9 viennent compl\u00e9ter le tout.<\/p>","protected":false},"featured_media":7255,"comment_status":"open","ping_status":"open","template":"","meta":{"_acf_changed":false},"product_brand":[1460],"product_cat":[1006,1181],"product_tag":[],"class_list":{"0":"post-2764","1":"product","2":"type-product","3":"status-publish","4":"has-post-thumbnail","6":"product_brand-godin","7":"product_cat-acoustics","8":"product_cat-nylon","9":"pa_back-and-sides-solid-rosewood","10":"pa_fingerboard-rosewood","11":"pa_fingerboard-radius-24-609-6-mm","12":"pa_finish-semi-gloss","13":"pa_frets-1707","14":"pa_neck-mahogany","15":"pa_nut-width-2-50-8-mm","16":"pa_orientation-right","17":"pa_scale-length-25-66-651-764-mm","18":"pa_top-solid-cedar-top","20":"first","21":"onbackorder","22":"sale","23":"taxable","24":"shipping-taxable","25":"purchasable","26":"product-type-simple"},"acf":[],"_links":{"self":[{"href":"https:\/\/env-godinguitarscom-prod.kinsta.cloud\/fr\/wp-json\/wp\/v2\/product\/2764","targetHints":{"allow":["GET"]}}],"collection":[{"href":"https:\/\/env-godinguitarscom-prod.kinsta.cloud\/fr\/wp-json\/wp\/v2\/product"}],"about":[{"href":"https:\/\/env-godinguitarscom-prod.kinsta.cloud\/fr\/wp-json\/wp\/v2\/types\/product"}],"replies":[{"embeddable":true,"href":"https:\/\/env-godinguitarscom-prod.kinsta.cloud\/fr\/wp-json\/wp\/v2\/comments?post=2764"}],"wp:featuredmedia":[{"embeddable":true,"href":"https:\/\/env-godinguitarscom-prod.kinsta.cloud\/fr\/wp-json\/wp\/v2\/media\/7255"}],"wp:attachment":[{"href":"https:\/\/env-godinguitarscom-prod.kinsta.cloud\/fr\/wp-json\/wp\/v2\/media?parent=2764"}],"wp:term":[{"taxonomy":"product_brand","embeddable":true,"href":"https:\/\/env-godinguitarscom-prod.kinsta.cloud\/fr\/wp-json\/wp\/v2\/product_brand?post=2764"},{"taxonomy":"product_cat","embeddable":true,"href":"https:\/\/env-godinguitarscom-prod.kinsta.cloud\/fr\/wp-json\/wp\/v2\/product_cat?post=2764"},{"taxonomy":"product_tag","embeddable":true,"href":"https:\/\/env-godinguitarscom-prod.kinsta.cloud\/fr\/wp-json\/wp\/v2\/product_tag?post=2764"}],"curies":[{"name":"wp","href":"https:\/\/api.w.org\/{rel}","templated":true}]}}