{"id":2758,"date":"2020-07-15T14:52:21","date_gmt":"2020-07-15T18:52:21","guid":{"rendered":"https:\/\/env-godinguitarscom-prod.kinsta.cloud\/product\/motif\/"},"modified":"2026-04-20T11:02:02","modified_gmt":"2026-04-20T15:02:02","slug":"motif","status":"publish","type":"product","link":"https:\/\/env-godinguitarscom-prod.kinsta.cloud\/fr\/produit\/motif\/","title":{"rendered":"Motif"},"content":{"rendered":"<p>La petite taille de la Godin Motif rappelle celle des guitares Parlor du tournant du si\u00e8cle. M\u00eame si son corps \u00e9voque celui d\u2019une guitare de taille trois quarts, la Motif a une \u00e9chelle conventionnelle. Le corps compact de la Motif offre bien plus que le simple confort de jeu. Elle constitue une guitare des plus v\u00e9ritables, pr\u00e9sentant nombre des caract\u00e9ristiques que recherchent les guitaristes professionnels dans les meilleurs instruments fabriqu\u00e9s \u00e0 la main. Sa table en c\u00e8dre massif et son fini en fini vernie sur mesure garantissent un son exceptionnel d\u00e8s la premi\u00e8re utilisation et ce son ne fera que s\u2019am\u00e9liorer au fil du temps.<\/p>","protected":false},"excerpt":{"rendered":"<p>The Godin Motif takes its compact dimensions from turn-of-the-century parlor guitars. The compact body of the Motif suggests a \u00be size instrument but this is a full-scale guitar. There is more to the compact body style of the Motif than comfort, this is a serious guitar with many of the same features that professional guitarists [&hellip;]<\/p>\n","protected":false},"featured_media":7254,"comment_status":"open","ping_status":"open","template":"","meta":{"_acf_changed":false},"product_brand":[1460],"product_cat":[1006,1181],"product_tag":[],"class_list":{"0":"post-2758","1":"product","2":"type-product","3":"status-publish","4":"has-post-thumbnail","6":"product_brand-godin","7":"product_cat-acoustics","8":"product_cat-nylon","9":"pa_back-and-sides-canadian-wild-cherry","10":"pa_fingerboard-rosewood","11":"pa_fingerboard-radius-24-609-6-mm","12":"pa_finish-semi-gloss","13":"pa_frets-1707","14":"pa_neck-mahogany","15":"pa_nut-width-2-50-8-mm","16":"pa_orientation-right","17":"pa_scale-length-25-66-651-764-mm","18":"pa_top-solid-cedar-top","20":"first","21":"instock","22":"sale","23":"taxable","24":"shipping-taxable","25":"purchasable","26":"product-type-simple"},"acf":[],"_links":{"self":[{"href":"https:\/\/env-godinguitarscom-prod.kinsta.cloud\/fr\/wp-json\/wp\/v2\/product\/2758","targetHints":{"allow":["GET"]}}],"collection":[{"href":"https:\/\/env-godinguitarscom-prod.kinsta.cloud\/fr\/wp-json\/wp\/v2\/product"}],"about":[{"href":"https:\/\/env-godinguitarscom-prod.kinsta.cloud\/fr\/wp-json\/wp\/v2\/types\/product"}],"replies":[{"embeddable":true,"href":"https:\/\/env-godinguitarscom-prod.kinsta.cloud\/fr\/wp-json\/wp\/v2\/comments?post=2758"}],"wp:featuredmedia":[{"embeddable":true,"href":"https:\/\/env-godinguitarscom-prod.kinsta.cloud\/fr\/wp-json\/wp\/v2\/media\/7254"}],"wp:attachment":[{"href":"https:\/\/env-godinguitarscom-prod.kinsta.cloud\/fr\/wp-json\/wp\/v2\/media?parent=2758"}],"wp:term":[{"taxonomy":"product_brand","embeddable":true,"href":"https:\/\/env-godinguitarscom-prod.kinsta.cloud\/fr\/wp-json\/wp\/v2\/product_brand?post=2758"},{"taxonomy":"product_cat","embeddable":true,"href":"https:\/\/env-godinguitarscom-prod.kinsta.cloud\/fr\/wp-json\/wp\/v2\/product_cat?post=2758"},{"taxonomy":"product_tag","embeddable":true,"href":"https:\/\/env-godinguitarscom-prod.kinsta.cloud\/fr\/wp-json\/wp\/v2\/product_tag?post=2758"}],"curies":[{"name":"wp","href":"https:\/\/api.w.org\/{rel}","templated":true}]}}