{"id":2740,"date":"2020-07-15T14:52:17","date_gmt":"2020-07-15T18:52:17","guid":{"rendered":"https:\/\/env-godinguitarscom-prod.kinsta.cloud\/product\/concert\/"},"modified":"2026-04-20T11:02:22","modified_gmt":"2026-04-20T15:02:22","slug":"concert","status":"publish","type":"product","link":"https:\/\/env-godinguitarscom-prod.kinsta.cloud\/fr\/produit\/concert\/","title":{"rendered":"Concert"},"content":{"rendered":"<p>La Godin Concert est le summum de nos guitares c\u00e8dre\/acajou. La Concert est finie de vernie sur mesure lustr\u00e9 ponc\u00e9es pour produire un fini lustr\u00e9 tr\u00e8s sensible, processus qui n\u00e9cessite huit jours.<\/p>","protected":false},"excerpt":{"rendered":"<p>La Godin Concert est le summum de nos guitares c\u00e8dre\/acajou. La Concert est finie de vernie sur mesure lustr\u00e9 ponc\u00e9es pour produire un fini lustr\u00e9 tr\u00e8s sensible, processus qui n\u00e9cessite huit jours.<\/p>","protected":false},"featured_media":7250,"comment_status":"open","ping_status":"open","template":"","meta":{"_acf_changed":false},"product_brand":[1460],"product_cat":[1006,1181],"product_tag":[],"class_list":{"0":"post-2740","1":"product","2":"type-product","3":"status-publish","4":"has-post-thumbnail","6":"product_brand-godin","7":"product_cat-acoustics","8":"product_cat-nylon","9":"pa_back-and-sides-solid-sapele-mahogany","10":"pa_fingerboard-rosewood","11":"pa_fingerboard-radius-24-609-6-mm","12":"pa_finish-high-gloss","13":"pa_frets-1707","14":"pa_neck-mahogany","15":"pa_nut-width-2-50-8-mm","16":"pa_orientation-right","17":"pa_scale-length-25-66-651-764-mm","18":"pa_top-solid-cedar-top","20":"first","21":"instock","22":"sale","23":"taxable","24":"shipping-taxable","25":"purchasable","26":"product-type-simple"},"acf":[],"_links":{"self":[{"href":"https:\/\/env-godinguitarscom-prod.kinsta.cloud\/fr\/wp-json\/wp\/v2\/product\/2740","targetHints":{"allow":["GET"]}}],"collection":[{"href":"https:\/\/env-godinguitarscom-prod.kinsta.cloud\/fr\/wp-json\/wp\/v2\/product"}],"about":[{"href":"https:\/\/env-godinguitarscom-prod.kinsta.cloud\/fr\/wp-json\/wp\/v2\/types\/product"}],"replies":[{"embeddable":true,"href":"https:\/\/env-godinguitarscom-prod.kinsta.cloud\/fr\/wp-json\/wp\/v2\/comments?post=2740"}],"wp:featuredmedia":[{"embeddable":true,"href":"https:\/\/env-godinguitarscom-prod.kinsta.cloud\/fr\/wp-json\/wp\/v2\/media\/7250"}],"wp:attachment":[{"href":"https:\/\/env-godinguitarscom-prod.kinsta.cloud\/fr\/wp-json\/wp\/v2\/media?parent=2740"}],"wp:term":[{"taxonomy":"product_brand","embeddable":true,"href":"https:\/\/env-godinguitarscom-prod.kinsta.cloud\/fr\/wp-json\/wp\/v2\/product_brand?post=2740"},{"taxonomy":"product_cat","embeddable":true,"href":"https:\/\/env-godinguitarscom-prod.kinsta.cloud\/fr\/wp-json\/wp\/v2\/product_cat?post=2740"},{"taxonomy":"product_tag","embeddable":true,"href":"https:\/\/env-godinguitarscom-prod.kinsta.cloud\/fr\/wp-json\/wp\/v2\/product_tag?post=2740"}],"curies":[{"name":"wp","href":"https:\/\/api.w.org\/{rel}","templated":true}]}}