{"id":2734,"date":"2020-07-15T14:52:15","date_gmt":"2020-07-15T18:52:15","guid":{"rendered":"https:\/\/env-godinguitarscom-prod.kinsta.cloud\/product\/collection\/"},"modified":"2026-04-20T11:03:44","modified_gmt":"2026-04-20T15:03:44","slug":"collection","status":"publish","type":"product","link":"https:\/\/env-godinguitarscom-prod.kinsta.cloud\/fr\/produit\/collection\/","title":{"rendered":"Collection"},"content":{"rendered":"<p>La Godin Collection poss\u00e8de un dos et des \u00e9clisses en palissandre massif avec une table en c\u00e8dre massif de qualit\u00e9 lutherie et est recouverte d\u2019un fini vernie sur mesure lustr\u00e9. Fabriqu\u00e9e par les luthiers les plus exp\u00e9riment\u00e9s du studio acoustique Godin, cette guitare constitue un instrument de premier ordre \u00e0 tout point de vue. Son superbe confort compl\u00e8te parfaitement son magnifique aspect discret.<\/p>","protected":false},"excerpt":{"rendered":"<p>La Godin Collection poss\u00e8de un dos et des \u00e9clisses en palissandre massif avec une table en c\u00e8dre massif de qualit\u00e9 lutherie et est recouverte d\u2019un fini vernie sur mesure lustr\u00e9. Fabriqu\u00e9e par les luthiers les plus exp\u00e9riment\u00e9s du studio acoustique Godin, cette guitare constitue un instrument de premier ordre \u00e0 tout point de vue. Son superbe confort compl\u00e8te parfaitement son magnifique aspect discret.<\/p>","protected":false},"featured_media":7249,"comment_status":"open","ping_status":"open","template":"","meta":{"_acf_changed":false},"product_brand":[1460],"product_cat":[1006,1181],"product_tag":[],"class_list":{"0":"post-2734","1":"product","2":"type-product","3":"status-publish","4":"has-post-thumbnail","6":"product_brand-godin","7":"product_cat-acoustics","8":"product_cat-nylon","9":"pa_back-and-sides-solid-rosewood","10":"pa_fingerboard-rosewood","11":"pa_fingerboard-radius-24-609-6-mm","12":"pa_finish-high-gloss","13":"pa_frets-1707","14":"pa_neck-mahogany","15":"pa_nut-width-2-50-8-mm","16":"pa_orientation-right","17":"pa_scale-length-25-66-651-764-mm","18":"pa_top-solid-cedar-top","20":"first","21":"instock","22":"sale","23":"taxable","24":"shipping-taxable","25":"purchasable","26":"product-type-simple"},"acf":[],"_links":{"self":[{"href":"https:\/\/env-godinguitarscom-prod.kinsta.cloud\/fr\/wp-json\/wp\/v2\/product\/2734","targetHints":{"allow":["GET"]}}],"collection":[{"href":"https:\/\/env-godinguitarscom-prod.kinsta.cloud\/fr\/wp-json\/wp\/v2\/product"}],"about":[{"href":"https:\/\/env-godinguitarscom-prod.kinsta.cloud\/fr\/wp-json\/wp\/v2\/types\/product"}],"replies":[{"embeddable":true,"href":"https:\/\/env-godinguitarscom-prod.kinsta.cloud\/fr\/wp-json\/wp\/v2\/comments?post=2734"}],"wp:featuredmedia":[{"embeddable":true,"href":"https:\/\/env-godinguitarscom-prod.kinsta.cloud\/fr\/wp-json\/wp\/v2\/media\/7249"}],"wp:attachment":[{"href":"https:\/\/env-godinguitarscom-prod.kinsta.cloud\/fr\/wp-json\/wp\/v2\/media?parent=2734"}],"wp:term":[{"taxonomy":"product_brand","embeddable":true,"href":"https:\/\/env-godinguitarscom-prod.kinsta.cloud\/fr\/wp-json\/wp\/v2\/product_brand?post=2734"},{"taxonomy":"product_cat","embeddable":true,"href":"https:\/\/env-godinguitarscom-prod.kinsta.cloud\/fr\/wp-json\/wp\/v2\/product_cat?post=2734"},{"taxonomy":"product_tag","embeddable":true,"href":"https:\/\/env-godinguitarscom-prod.kinsta.cloud\/fr\/wp-json\/wp\/v2\/product_tag?post=2734"}],"curies":[{"name":"wp","href":"https:\/\/api.w.org\/{rel}","templated":true}]}}