{"id":109262,"date":"2026-04-10T09:04:54","date_gmt":"2026-04-10T13:04:54","guid":{"rendered":"https:\/\/env-godinguitarscom-prod.kinsta.cloud\/?post_type=product&#038;p=109262"},"modified":"2026-04-20T11:01:22","modified_gmt":"2026-04-20T15:01:22","slug":"dreadnought-hardshell-case","status":"publish","type":"product","link":"https:\/\/env-godinguitarscom-prod.kinsta.cloud\/fr\/produit\/dreadnought-hardshell-case\/","title":{"rendered":"\u00c9tui rigide pour guitare Dreadnought"},"content":{"rendered":"<p>Un musicien nomade recherche un \u00e9tui rigide qui refl\u00e8te \u00e0 la fois son style de jeu et sa personnalit\u00e9. Voici une version moderne d'un accessoire classique qui prot\u00e9gera votre guitare tout en soignant votre look lors de vos d\u00e9placements. L'\u00e9tui rigide pour guitare Dreadnought 6 et 12 cordes offre non seulement une protection in\u00e9gal\u00e9e contre les chocs et les coups inh\u00e9rents \u00e0 la vie quotidienne d'un musicien, mais il assure \u00e9galement une protection de haute technologie contre les intemp\u00e9ries.<\/p>","protected":false},"excerpt":{"rendered":"<p>A player on the move looks for a Hardshell Case that matches both his or her playing and personal style. This is a modern take on a classic accessory that will keep your guitar protected and looking really good while on the road. The Dreadnaught Hardshell Case not only offers guitars unparalleled protection against the [&hellip;]<\/p>\n","protected":false},"featured_media":109266,"comment_status":"open","ping_status":"open","template":"","meta":{"_acf_changed":false},"product_brand":[],"product_cat":[525,807],"product_tag":[],"class_list":{"0":"post-109262","1":"product","2":"type-product","3":"status-publish","4":"has-post-thumbnail","6":"product_cat-accessories","7":"product_cat-cases","9":"first","10":"instock","11":"sale","12":"taxable","13":"shipping-taxable","14":"purchasable","15":"product-type-simple"},"acf":[],"_links":{"self":[{"href":"https:\/\/env-godinguitarscom-prod.kinsta.cloud\/fr\/wp-json\/wp\/v2\/product\/109262","targetHints":{"allow":["GET"]}}],"collection":[{"href":"https:\/\/env-godinguitarscom-prod.kinsta.cloud\/fr\/wp-json\/wp\/v2\/product"}],"about":[{"href":"https:\/\/env-godinguitarscom-prod.kinsta.cloud\/fr\/wp-json\/wp\/v2\/types\/product"}],"replies":[{"embeddable":true,"href":"https:\/\/env-godinguitarscom-prod.kinsta.cloud\/fr\/wp-json\/wp\/v2\/comments?post=109262"}],"wp:featuredmedia":[{"embeddable":true,"href":"https:\/\/env-godinguitarscom-prod.kinsta.cloud\/fr\/wp-json\/wp\/v2\/media\/109266"}],"wp:attachment":[{"href":"https:\/\/env-godinguitarscom-prod.kinsta.cloud\/fr\/wp-json\/wp\/v2\/media?parent=109262"}],"wp:term":[{"taxonomy":"product_brand","embeddable":true,"href":"https:\/\/env-godinguitarscom-prod.kinsta.cloud\/fr\/wp-json\/wp\/v2\/product_brand?post=109262"},{"taxonomy":"product_cat","embeddable":true,"href":"https:\/\/env-godinguitarscom-prod.kinsta.cloud\/fr\/wp-json\/wp\/v2\/product_cat?post=109262"},{"taxonomy":"product_tag","embeddable":true,"href":"https:\/\/env-godinguitarscom-prod.kinsta.cloud\/fr\/wp-json\/wp\/v2\/product_tag?post=109262"}],"curies":[{"name":"wp","href":"https:\/\/api.w.org\/{rel}","templated":true}]}}